{"id":12113,"date":"2023-03-10T10:33:11","date_gmt":"2023-03-10T09:33:11","guid":{"rendered":"https:\/\/www.3ritalia.com\/chimica-e-farmaceutica\/"},"modified":"2023-04-04T11:59:00","modified_gmt":"2023-04-04T09:59:00","slug":"chemie-und-pharmaindustrie","status":"publish","type":"page","link":"https:\/\/www.3ritalia.com\/de\/chemie-und-pharmaindustrie\/","title":{"rendered":"Chemie und Pharmaindustrie"},"content":{"rendered":"[vc_row row_type=&#8220;row&#8220; text_align=&#8220;left&#8220; css_animation=&#8220;&#8220;][vc_column][vc_column_text]\n<div align=\"justify\">\n<h3 style=\"color: #054f74; text-align: justify;\"><strong><span style=\"color: #000000;\">Chemie und Pharmaindustrie <\/span><\/strong><\/h3>\n<\/div>\n[\/vc_column_text][vc_empty_space height=&#8220;22px&#8220;][vc_column_text]\n<p style=\"text-align: justify;\"><span style=\"color: #000000;\"><strong>Unsere Produkte werden f\u00fcr den chemischen und pharmazeutischen Sektor entwickelt, wobei stets die Sicherheitsrichtlinien und Materialien von h\u00f6chster Qualit\u00e4t eingehalten werden.<\/strong> Wir bieten unseren Kunden langj\u00e4hrige Erfahrung und pers\u00f6nliche Beratung und Unterst\u00fctzung, um die am besten geeignete L\u00f6sung f\u00fcr ihre Bed\u00fcrfnisse zu finden.<\/span><\/p>\n<p style=\"text-align: justify;\"><span style=\"color: #000000;\"><strong><br \/>\nChemielaborger\u00e4te haben verschiedene Funktionen, die ihre Form und ihr Material charakterisieren. <\/strong>Die Produkte von 3R Italia S.r.l. erf\u00fcllen die Anforderungen des Messens, Mischens, R\u00fchrens, Behandelns und Reagierens von Substanzen. Jedes Werkzeug hat seine eigene technologische Besonderheit und besteht aus hochbest\u00e4ndigen Materialien.<\/span><\/p>\n<p style=\"text-align: justify;\"><span style=\"color: #000000;\"><strong>Die Kategorien von Tools<\/strong> sind unterteilt in:<\/span><\/p>\n<ul>\n<li style=\"text-align: justify;\"><span style=\"color: #000000;\"><strong>Laborausstattung<\/strong><\/span><\/li>\n<li style=\"text-align: justify;\"><span style=\"color: #000000;\"><strong>Glaswaren<\/strong><\/span><\/li>\n<li style=\"text-align: justify;\"><span style=\"color: #000000;\"><strong>Produkte f\u00fcr die Chemiebranche<\/strong><\/span><\/li>\n<li style=\"text-align: justify;\"><span style=\"color: #000000;\"><b>Produkte f\u00fcr den pharmazeutischen Bereich<\/b><\/span><\/li>\n<\/ul>\n[\/vc_column_text][vc_empty_space height=&#8220;72px&#8220;][\/vc_column][\/vc_row]\n","protected":false},"excerpt":{"rendered":"<p>[vc_row row_type=&#8220;row&#8220; text_align=&#8220;left&#8220; css_animation=&#8220;&#8220;][vc_column][vc_column_text] Chemie und Pharmaindustrie [\/vc_column_text][vc_empty_space height=&#8220;22px&#8220;][vc_column_text] Unsere Produkte werden f\u00fcr den chemischen und pharmazeutischen Sektor entwickelt, wobei stets&#8230;<\/p>\n","protected":false},"author":1,"featured_media":0,"parent":0,"menu_order":0,"comment_status":"closed","ping_status":"closed","template":"","meta":[],"_links":{"self":[{"href":"https:\/\/www.3ritalia.com\/de\/wp-json\/wp\/v2\/pages\/12113"}],"collection":[{"href":"https:\/\/www.3ritalia.com\/de\/wp-json\/wp\/v2\/pages"}],"about":[{"href":"https:\/\/www.3ritalia.com\/de\/wp-json\/wp\/v2\/types\/page"}],"author":[{"embeddable":true,"href":"https:\/\/www.3ritalia.com\/de\/wp-json\/wp\/v2\/users\/1"}],"replies":[{"embeddable":true,"href":"https:\/\/www.3ritalia.com\/de\/wp-json\/wp\/v2\/comments?post=12113"}],"version-history":[{"count":3,"href":"https:\/\/www.3ritalia.com\/de\/wp-json\/wp\/v2\/pages\/12113\/revisions"}],"predecessor-version":[{"id":12254,"href":"https:\/\/www.3ritalia.com\/de\/wp-json\/wp\/v2\/pages\/12113\/revisions\/12254"}],"wp:attachment":[{"href":"https:\/\/www.3ritalia.com\/de\/wp-json\/wp\/v2\/media?parent=12113"}],"curies":[{"name":"wp","href":"https:\/\/api.w.org\/{rel}","templated":true}]}}