{"id":12087,"date":"2023-03-08T17:46:21","date_gmt":"2023-03-08T16:46:21","guid":{"rendered":"https:\/\/www.3ritalia.com\/vetropedia\/"},"modified":"2023-04-04T16:26:24","modified_gmt":"2023-04-04T14:26:24","slug":"vetropedia","status":"publish","type":"page","link":"https:\/\/www.3ritalia.com\/de\/vetropedia\/","title":{"rendered":"Vetropedia"},"content":{"rendered":"[vc_row row_type=&#8220;row&#8220; text_align=&#8220;left&#8220; css_animation=&#8220;&#8220;][vc_column][vc_column_text]\n<h3><strong><span style=\"color: #000000;\">Vetropedia<\/span><\/strong><\/h3>\n[\/vc_column_text][vc_empty_space height=&#8220;22px&#8220;][vc_column_text]\t\t\t\t\t\t\t<h3 style=\"margin-bottom:20px;display:block;width:100%;margin-top:10px\"> <\/h3>\r\n\t\t\t\t\t\t<style>\r\n\t\t\t\t<style>\r\n#wpsm_accordion_12089 .wpsm_panel-heading{\r\n\tpadding:0px !important;\r\n}\r\n#wpsm_accordion_12089 .wpsm_panel-title {\r\n\tmargin:0px !important; \r\n\ttext-transform:none !important;\r\n\tline-height: 1 !important;\r\n}\r\n#wpsm_accordion_12089 .wpsm_panel-title a{\r\n\ttext-decoration:none;\r\n\toverflow:hidden;\r\n\tdisplay:block;\r\n\tpadding:0px;\r\n\tfont-size: 18px !important;\r\n\tfont-family: Open Sans !important;\r\n\tcolor:#000000 !important;\r\n\tborder-bottom:0px !important;\r\n}\r\n\r\n#wpsm_accordion_12089 .wpsm_panel-title a:focus {\r\noutline: 0px !important;\r\n}\r\n\r\n#wpsm_accordion_12089 .wpsm_panel-title a:hover, #wpsm_accordion_12089 .wpsm_panel-title a:focus {\r\n\tcolor:#000000 !important;\r\n}\r\n#wpsm_accordion_12089 .acc-a{\r\n\tcolor: #000000 !important;\r\n\tbackground-color:#e8e8e8 !important;\r\n\tborder-color: #ddd;\r\n}\r\n#wpsm_accordion_12089 .wpsm_panel-default > .wpsm_panel-heading{\r\n\tcolor: #000000 !important;\r\n\tbackground-color: #e8e8e8 !important;\r\n\tborder-color: #e8e8e8 !important;\r\n\tborder-top-left-radius: 0px;\r\n\tborder-top-right-radius: 0px;\r\n}\r\n#wpsm_accordion_12089 .wpsm_panel-default {\r\n\t\tborder:1px solid transparent !important;\r\n\t}\r\n#wpsm_accordion_12089 {\r\n\tmargin-bottom: 20px;\r\n\toverflow: hidden;\r\n\tfloat: none;\r\n\twidth: 100%;\r\n\tdisplay: block;\r\n}\r\n#wpsm_accordion_12089 .ac_title_class{\r\n\tdisplay: block;\r\n\tpadding-top: 12px;\r\n\tpadding-bottom: 12px;\r\n\tpadding-left: 15px;\r\n\tpadding-right: 15px;\r\n}\r\n#wpsm_accordion_12089  .wpsm_panel {\r\n\toverflow:hidden;\r\n\t-webkit-box-shadow: 0 0px 0px rgba(0, 0, 0, .05);\r\n\tbox-shadow: 0 0px 0px rgba(0, 0, 0, .05);\r\n\t\tborder-radius: 4px;\r\n\t}\r\n#wpsm_accordion_12089  .wpsm_panel + .wpsm_panel {\r\n\t\tmargin-top: 5px;\r\n\t}\r\n#wpsm_accordion_12089  .wpsm_panel-body{\r\n\tbackground-color:#ffffff !important;\r\n\tcolor:#000000 !important;\r\n\tborder-top-color: #e8e8e8 !important;\r\n\tfont-size:16px !important;\r\n\tfont-family: Open Sans !important;\r\n\toverflow: hidden;\r\n\t\tborder: 2px solid #e8e8e8 !important;\r\n\t}\r\n\r\n#wpsm_accordion_12089 .ac_open_cl_icon{\r\n\tbackground-color:#e8e8e8 !important;\r\n\tcolor: #000000 !important;\r\n\tfloat:right !important;\r\n\tpadding-top: 12px !important;\r\n\tpadding-bottom: 12px !important;\r\n\tline-height: 1.0 !important;\r\n\tpadding-left: 15px !important;\r\n\tpadding-right: 15px !important;\r\n\tdisplay: inline-block !important;\r\n}\r\n\r\n\t\t\t\r\n\t\t\t<\/style>\t\r\n\t\t\t<\/style>\r\n\t\t\t<div class=\"wpsm_panel-group\" id=\"wpsm_accordion_12089\" >\r\n\t\t\t\t\t\t\t\t\r\n\t\t\t\t\t<!-- Inner panel Start -->\r\n\t\t\t\t\t<div class=\"wpsm_panel wpsm_panel-default\">\r\n\t\t\t\t\t\t<div class=\"wpsm_panel-heading\" role=\"tab\" >\r\n\t\t\t\t\t\t  <h4 class=\"wpsm_panel-title\">\r\n\t\t\t\t\t\t\t<a  class=\"\"  data-toggle=\"collapse\" data-parent=\"#wpsm_accordion_12089 \" href=\"javascript:void(0)\" data-target=\"#ac_12089_collapse1\" onclick=\"do_resize()\">\r\n\t\t\t\t\t\t\t\t\t\t\t\t\t\t\t\t\t<span class=\"ac_open_cl_icon fa fa-minus\"><\/span>\r\n\t\t\t\t\t\t\t\t\t\r\n\t\t\t\t\t\t\t\t \r\n\t\t\t\t\t\t\t\t<span class=\"ac_title_class\">\r\n\t\t\t\t\t\t\t\t\t\t\t\t\t\t\t\t\t\t\t\t<span style=\"margin-right:6px;\" class=\"fa fa-angle-down\"><\/span>\r\n\t\t\t\t\t\t\t\t\tGeh\u00e4rtetes Sekuritglas\t\t\t\t\t\t\t\t<\/span>\r\n\t\t\t\t\t\t\t<\/a>\r\n\t\t\t\t\t\t  <\/h4>\r\n\t\t\t\t\t\t<\/div>\r\n\t\t\t\t\t\t<div id=\"ac_12089_collapse1\" class=\"wpsm_panel-collapse collapse in\"  >\r\n\t\t\t\t\t\t  <div class=\"wpsm_panel-body\">\r\n\t\t\t\t\t\t\t<p style=\"text-align: left\"><strong><span style=\"color: #000000\">Meist als Schutzglas f\u00fcr Schaugl\u00e4ser und Lampen verwendet, widersteht es Temperaturen bis 150\u00b0C.<\/span><\/strong><\/p>\r\n<p style=\"text-align: left\"><span style=\"color: #000000\">Es wird im Platten- oder Scheibenformat, in verschiedenen Abmessungen nach Kundenwunsch sowie in verschiedenen Schleifarten verkauft. Dieses Glas kann auch sandgestrahlt, siebbedruckt, mit polierter Kante geschliffen und in einem extraklaren Format geliefert werden. <\/span><\/p>\r\n<p style=\"text-align: left\"><span style=\"color: #000000\">Bei Bruch zerbricht es durch die Wirkung der Tempera in kleine St\u00fccke.<\/span><\/p>\r\n<p style=\"text-align: left\"><strong><span style=\"color: #000000\">TECHNISCHE DETAILS:<\/span><\/strong><\/p>\r\n\r\n<ul>\r\n \t<li style=\"text-align: left\"><span style=\"color: #000000\">Bruchlast bei wechselnder Dilatation N\/mm\u02c9\u00b2: 160<\/span><\/li>\r\n \t<li style=\"text-align: left\"><span style=\"color: #000000\">W\u00e4rmedilatationskoeffizient<\/span><\/li>\r\n \t<li style=\"text-align: left\"><span style=\"color: #000000\">(20-300\u00b0C): 9,5 x 10\u02c9\u2076 x K\u02c9\u00b9<\/span><\/li>\r\n \t<li style=\"text-align: left\"><span style=\"color: #000000\">S\u00e4urebest\u00e4ndigkeit DIN12116:I<\/span><\/li>\r\n \t<li style=\"text-align: left\"><span style=\"color: #000000\">Alkalibest\u00e4ndigkeit DIN52322:I<\/span><\/li>\r\n \t<li style=\"text-align: left\"><span style=\"color: #000000\">Hydrolytische Best\u00e4ndigkeit DIN12111:IV<\/span><\/li>\r\n \t<li style=\"text-align: left\"><span style=\"color: #000000\">Thermoschock DIN52323: 120\u00b0C<\/span><\/li>\r\n \t<li style=\"text-align: left\"><span style=\"color: #000000\">Maximale Betriebstemperatur: 150\u00b0C<\/span><\/li>\r\n \t<li style=\"text-align: left\"><span style=\"color: #000000\">Normale Betriebstemperatur: 130\u00b0C<\/span><\/li>\r\n<\/ul>\t\t\t\t\t\t  <\/div>\r\n\t\t\t\t\t\t<\/div>\r\n\t\t\t\t\t<\/div>\r\n\t\t\t\t\t<!-- Inner panel End -->\r\n\t\t\t\t\t\r\n\t\t\t\t\t\t\t\t\r\n\t\t\t\t\t<!-- Inner panel Start -->\r\n\t\t\t\t\t<div class=\"wpsm_panel wpsm_panel-default\">\r\n\t\t\t\t\t\t<div class=\"wpsm_panel-heading\" role=\"tab\" >\r\n\t\t\t\t\t\t  <h4 class=\"wpsm_panel-title\">\r\n\t\t\t\t\t\t\t<a  class=\"collapsed\"  data-toggle=\"collapse\" data-parent=\"#wpsm_accordion_12089 \" href=\"javascript:void(0)\" data-target=\"#ac_12089_collapse2\" onclick=\"do_resize()\">\r\n\t\t\t\t\t\t\t\t\t\t\t\t\t\t\t\t\t<span class=\"ac_open_cl_icon fa fa-plus\"><\/span>\r\n\t\t\t\t\t\t\t\t\t\r\n\t\t\t\t\t\t\t\t \r\n\t\t\t\t\t\t\t\t<span class=\"ac_title_class\">\r\n\t\t\t\t\t\t\t\t\t\t\t\t\t\t\t\t\t\t\t\t<span style=\"margin-right:6px;\" class=\"fa fa-angle-down\"><\/span>\r\n\t\t\t\t\t\t\t\t\tBorosilikatglas\t\t\t\t\t\t\t\t<\/span>\r\n\t\t\t\t\t\t\t<\/a>\r\n\t\t\t\t\t\t  <\/h4>\r\n\t\t\t\t\t\t<\/div>\r\n\t\t\t\t\t\t<div id=\"ac_12089_collapse2\" class=\"wpsm_panel-collapse collapse \"  >\r\n\t\t\t\t\t\t  <div class=\"wpsm_panel-body\">\r\n\t\t\t\t\t\t\t<p style=\"text-align: justify\"><span style=\"color: #000000\"><strong>Dank seiner hohen Best\u00e4ndigkeit gegen\u00fcber Temperaturen, die bei Platten und Scheiben bis zu 490\u00b0C und beim R\u00f6hrenformat etwa 500\u00b0C erreichen,<\/strong> handelt es sich hierbei um ein Glas, das sich sehr gut f\u00fcr den Einsatz bei Boilern, Elektro\u00f6fen, Schaugl\u00e4sern eignet, sowie als Schutzglas f\u00fcr Spezialmaschinen, f\u00fcr Ventile, und als Komponente f\u00fcr Anlagen in der chemischen und Lebensmittelindustrie. <\/span><\/p>\r\n<p style=\"text-align: justify\"><span style=\"color: #000000\">Dieses Glas kann je nach Kundenbed\u00fcrfnis in Form von Scheiben, Platten und R\u00f6hren mit verschiedenen Ma\u00dfen und St\u00e4rken geliefert werden.<\/span><\/p>\r\n<p style=\"text-align: justify\"><span style=\"color: #000000\">Borosilikatglas ist \u00fcberdies f\u00fcr eine Vielzahl von Verarbeitungen geeignet, darunter:<\/span><\/p>\r\n\r\n<ul>\r\n \t<li style=\"text-align: justify\"><strong><span style=\"color: #000000\">Sandstrahlen<\/span><\/strong><\/li>\r\n \t<li style=\"text-align: justify\"><strong><span style=\"color: #000000\">Schleifen<\/span><\/strong><\/li>\r\n \t<li style=\"text-align: justify\"><strong><span style=\"color: #000000\">Siebdruck<\/span><\/strong><\/li>\r\n \t<li style=\"text-align: justify\"><strong><span style=\"color: #000000\">Biegen<\/span><\/strong><\/li>\r\n \t<li style=\"text-align: justify\"><strong><span style=\"color: #000000\">Fr\u00e4sen<\/span><\/strong><\/li>\r\n<\/ul>\r\n<p style=\"text-align: justify\"><span style=\"color: #000000\">Es kann Temperaturschwankungen von 130\u00b0C standhalten. Zur Erh\u00f6hung seines W\u00e4rmewiderstandes kann es neuerlich gebrannt werden.<\/span><\/p>\t\t\t\t\t\t  <\/div>\r\n\t\t\t\t\t\t<\/div>\r\n\t\t\t\t\t<\/div>\r\n\t\t\t\t\t<!-- Inner panel End -->\r\n\t\t\t\t\t\r\n\t\t\t\t\t\t\t\t\r\n\t\t\t\t\t<!-- Inner panel Start -->\r\n\t\t\t\t\t<div class=\"wpsm_panel wpsm_panel-default\">\r\n\t\t\t\t\t\t<div class=\"wpsm_panel-heading\" role=\"tab\" >\r\n\t\t\t\t\t\t  <h4 class=\"wpsm_panel-title\">\r\n\t\t\t\t\t\t\t<a  class=\"collapsed\"  data-toggle=\"collapse\" data-parent=\"#wpsm_accordion_12089 \" href=\"javascript:void(0)\" data-target=\"#ac_12089_collapse3\" onclick=\"do_resize()\">\r\n\t\t\t\t\t\t\t\t\t\t\t\t\t\t\t\t\t<span class=\"ac_open_cl_icon fa fa-plus\"><\/span>\r\n\t\t\t\t\t\t\t\t\t\r\n\t\t\t\t\t\t\t\t \r\n\t\t\t\t\t\t\t\t<span class=\"ac_title_class\">\r\n\t\t\t\t\t\t\t\t\t\t\t\t\t\t\t\t\t\t\t\t<span style=\"margin-right:6px;\" class=\"fa fa-angle-down\"><\/span>\r\n\t\t\t\t\t\t\t\t\tKalibriertes Glas\t\t\t\t\t\t\t\t<\/span>\r\n\t\t\t\t\t\t\t<\/a>\r\n\t\t\t\t\t\t  <\/h4>\r\n\t\t\t\t\t\t<\/div>\r\n\t\t\t\t\t\t<div id=\"ac_12089_collapse3\" class=\"wpsm_panel-collapse collapse \"  >\r\n\t\t\t\t\t\t  <div class=\"wpsm_panel-body\">\r\n\t\t\t\t\t\t\t<p style=\"text-align: justify\"><span style=\"color: #000000\"><strong>Hierbei handelt es sich um ein Borosilikatglas mit minimalen Toleranzen.<\/strong><\/span><\/p>\r\n<p style=\"text-align: justify\"><span style=\"color: #000000\">F\u00fcr die Kaltbearbeitung (COLD PROCESSING) in R\u00f6hren mit einem Durchmesser von 2 mm bis 415 mm kann eine minimale Toleranz von 0,002 erreicht werden.<\/span><\/p>\r\n<p style=\"text-align: justify\"><span style=\"color: #000000\">F\u00fcr die W\u00e4rmebehandlung (HOT PROCESSING) in R\u00f6hren ab einem Durchmesser von 0,15 mm und bis 240 mm hat man eine minimale Toleranz von 0,003.<\/span><\/p>\r\n<p style=\"text-align: justify\"><span style=\"color: #000000\"><strong>TECHNISCHE DATEN:<\/strong><\/span><\/p>\r\n\r\n<ul>\r\n \t<li style=\"text-align: justify\"><span style=\"color: #000000\">H\u00f6chsttemperatur 490-500\u00b0C<\/span><\/li>\r\n \t<li style=\"text-align: justify\"><span style=\"color: #000000\">S\u00e4urebest\u00e4ndigkeit ISO 1776: Klasse 1<\/span><\/li>\r\n \t<li style=\"text-align: justify\"><span style=\"color: #000000\">Alkalibest\u00e4ndigkeit ISO 695: Klasse 2<\/span><\/li>\r\n \t<li style=\"text-align: justify\"><span style=\"color: #000000\">Hydrolytische Best\u00e4ndigkeit ISOR 719: Klasse 1<\/span><\/li>\r\n \t<li style=\"text-align: justify\"><span style=\"color: #000000\">W\u00e4rmedilatation (20-300\u00b0C) 3,25 x 10\u02c9\u2076 x K\u02c9\u00b9, ISO 3585.<\/span><\/li>\r\n<\/ul>\t\t\t\t\t\t  <\/div>\r\n\t\t\t\t\t\t<\/div>\r\n\t\t\t\t\t<\/div>\r\n\t\t\t\t\t<!-- Inner panel End -->\r\n\t\t\t\t\t\r\n\t\t\t\t\t\t\t\t\r\n\t\t\t\t\t<!-- Inner panel Start -->\r\n\t\t\t\t\t<div class=\"wpsm_panel wpsm_panel-default\">\r\n\t\t\t\t\t\t<div class=\"wpsm_panel-heading\" role=\"tab\" >\r\n\t\t\t\t\t\t  <h4 class=\"wpsm_panel-title\">\r\n\t\t\t\t\t\t\t<a  class=\"collapsed\"  data-toggle=\"collapse\" data-parent=\"#wpsm_accordion_12089 \" href=\"javascript:void(0)\" data-target=\"#ac_12089_collapse4\" onclick=\"do_resize()\">\r\n\t\t\t\t\t\t\t\t\t\t\t\t\t\t\t\t\t<span class=\"ac_open_cl_icon fa fa-plus\"><\/span>\r\n\t\t\t\t\t\t\t\t\t\r\n\t\t\t\t\t\t\t\t \r\n\t\t\t\t\t\t\t\t<span class=\"ac_title_class\">\r\n\t\t\t\t\t\t\t\t\t\t\t\t\t\t\t\t\t\t\t\t<span style=\"margin-right:6px;\" class=\"fa fa-angle-down\"><\/span>\r\n\t\t\t\t\t\t\t\t\tKeramikglas\t\t\t\t\t\t\t\t<\/span>\r\n\t\t\t\t\t\t\t<\/a>\r\n\t\t\t\t\t\t  <\/h4>\r\n\t\t\t\t\t\t<\/div>\r\n\t\t\t\t\t\t<div id=\"ac_12089_collapse4\" class=\"wpsm_panel-collapse collapse \"  >\r\n\t\t\t\t\t\t  <div class=\"wpsm_panel-body\">\r\n\t\t\t\t\t\t\t<p style=\"text-align: justify\"><span style=\"color: #000000\"><strong>Dank seines niedrigen Dilatationskoeffizienten ist dieses Glas gegen\u00fcber Temperaturen von 800\u00b0C best\u00e4ndig, mit Schwankungen, die bis zu 700\u00b0C erreichen k\u00f6nnen.<\/strong> Es ist daher ideal f\u00fcr die Anwendung als Schutzglas f\u00fcr Kamine, Heiz\u00f6fen und Brenn\u00f6fen, die hohe Temperaturen erreichen.<\/span><\/p>\r\n<p style=\"text-align: justify\"><span style=\"color: #000000\">Formen und Ma\u00dfe variieren auf Grundlage der Kundenanfragen; diesen Glastyp k\u00f6nnen wir nur in der flachen Ausf\u00fchrung liefern.<\/span><\/p>\t\t\t\t\t\t  <\/div>\r\n\t\t\t\t\t\t<\/div>\r\n\t\t\t\t\t<\/div>\r\n\t\t\t\t\t<!-- Inner panel End -->\r\n\t\t\t\t\t\r\n\t\t\t\t\t\t\t<\/div>\r\n\t\t\t\r\n<script type=\"text\/javascript\">\r\n\t\r\n\t\tfunction do_resize(){\r\n\r\n\t\t\tvar width=jQuery( '.wpsm_panel .wpsm_panel-body iframe' ).width();\r\n\t\t\tvar height=jQuery( '.wpsm_panel .wpsm_panel-body iframe' ).height();\r\n\r\n\t\t\tvar toggleSize = true;\r\n\t\t\tjQuery('iframe').animate({\r\n\t\t\t    width: toggleSize ? width : 640,\r\n\t\t\t    height: toggleSize ? height : 360\r\n\t\t\t  }, 250);\r\n\r\n\t\t\t  toggleSize = !toggleSize;\r\n\t\t}\r\n\t\t\r\n<\/script>\t[\/vc_column_text][vc_empty_space height=&#8220;52px&#8220;][vc_single_image image=&#8220;12280&#8243; img_size=&#8220;full&#8220; alignment=&#8220;center&#8220;][vc_empty_space height=&#8220;60px&#8220;][\/vc_column][\/vc_row]\n","protected":false},"excerpt":{"rendered":"<p>[vc_row row_type=&#8220;row&#8220; text_align=&#8220;left&#8220; css_animation=&#8220;&#8220;][vc_column][vc_column_text] Vetropedia [\/vc_column_text][vc_empty_space height=&#8220;22px&#8220;][vc_column_text][\/vc_column_text][vc_empty_space height=&#8220;52px&#8220;][vc_single_image image=&#8220;12280&#8243; img_size=&#8220;full&#8220; alignment=&#8220;center&#8220;][vc_empty_space height=&#8220;60px&#8220;][\/vc_column][\/vc_row]<\/p>\n","protected":false},"author":1,"featured_media":0,"parent":0,"menu_order":0,"comment_status":"closed","ping_status":"closed","template":"","meta":[],"_links":{"self":[{"href":"https:\/\/www.3ritalia.com\/de\/wp-json\/wp\/v2\/pages\/12087"}],"collection":[{"href":"https:\/\/www.3ritalia.com\/de\/wp-json\/wp\/v2\/pages"}],"about":[{"href":"https:\/\/www.3ritalia.com\/de\/wp-json\/wp\/v2\/types\/page"}],"author":[{"embeddable":true,"href":"https:\/\/www.3ritalia.com\/de\/wp-json\/wp\/v2\/users\/1"}],"replies":[{"embeddable":true,"href":"https:\/\/www.3ritalia.com\/de\/wp-json\/wp\/v2\/comments?post=12087"}],"version-history":[{"count":3,"href":"https:\/\/www.3ritalia.com\/de\/wp-json\/wp\/v2\/pages\/12087\/revisions"}],"predecessor-version":[{"id":12285,"href":"https:\/\/www.3ritalia.com\/de\/wp-json\/wp\/v2\/pages\/12087\/revisions\/12285"}],"wp:attachment":[{"href":"https:\/\/www.3ritalia.com\/de\/wp-json\/wp\/v2\/media?parent=12087"}],"curies":[{"name":"wp","href":"https:\/\/api.w.org\/{rel}","templated":true}]}}