{"id":12074,"date":"2018-10-30T11:16:04","date_gmt":"2018-10-30T10:16:04","guid":{"rendered":"https:\/\/www.3ritalia.com\/chi-siamo\/"},"modified":"2023-03-22T11:35:46","modified_gmt":"2023-03-22T10:35:46","slug":"wer-wir-sind","status":"publish","type":"page","link":"https:\/\/www.3ritalia.com\/de\/wer-wir-sind\/","title":{"rendered":"Wer Wir Sind"},"content":{"rendered":"[vc_row row_type=&#8220;row&#8220; text_align=&#8220;left&#8220; css_animation=&#8220;&#8220;][vc_column][vc_column_text]\n<div align=\"justify\">\n<h3 style=\"color: #054f74; text-align: justify;\"><strong><span style=\"color: #000000;\">Ein kleines, aber starkes Unternehmen mit Zukunftsorientierung<\/span><\/strong><\/h3>\n<\/div>\n[\/vc_column_text][vc_empty_space height=&#8220;22px&#8220;][vc_column_text]\n<div align=\"justify\">\n<p style=\"text-align: justify;\"><span style=\"color: #000000;\"><strong>Spezialisierung und Innovation inspirieren die Entwicklung von 3R seit der Gr\u00fcndung im Jahre 1997 bis heute.<\/strong> Dank der Intuitionen des Unternehmers Raffaele Cavagna ist die Firma schrittweise und konstant gewachsen, indem sie die St\u00e4rken des Glasdistrikts, in dem sie t\u00e4tig ist, gekonnt zum Einsatz bringt.<\/span><\/p>\n<p style=\"text-align: justify;\"><span style=\"color: #000000;\"><strong>Die bei der Verarbeitung von Borosilikat-Hohlglas gesammelte Erfahrung, die das anf\u00e4ngliche Kerngesch\u00e4ft der Firma darstellte, breitete sich immer mehr auf neue Materialien wie Keramikglas und Quarzglas mit ebenso vielen innovativen Anwendungen aus. <\/strong>Und so kamen zur Beleuchtungs- und Einrichtungsindustrie, die 3R zu ihrer anf\u00e4nglichen St\u00e4rke und Vitalit\u00e4t verholfen haben, nach und nach neue Sektoren hinzu wie Heizung, Chemie und Pharmaindustrie, bis hin zu den j\u00fcngsten Herausforderungen in der \u00d6l-und Gas-Branche.<\/span><\/p>\n<p style=\"text-align: justify;\"><span style=\"color: #000000;\"><strong>Umfangreiche Investitionen in F&amp;E, kreative Anwendungen, hohe Qualit\u00e4tsstandards bei der Verarbeitung, spezifische Kontrollprogramme f\u00fcr jede Produktionsphase, sowie hochqualifiziertes Personal gestatten es 3R, <\/strong>den Bed\u00fcrfnissen einer immer anspruchsvolleren internationalen Kundschaft gerecht zu werden und vor allem ein zuverl\u00e4ssiger Partner zu sein, dank dem man sich M\u00e4rkten stellen kann, die sich st\u00e4ndig weiterentwickeln.<\/span><\/p>\n<\/div>\n[\/vc_column_text][vc_empty_space height=&#8220;72px&#8220;][\/vc_column][\/vc_row]\n","protected":false},"excerpt":{"rendered":"<p>[vc_row row_type=&#8220;row&#8220; text_align=&#8220;left&#8220; css_animation=&#8220;&#8220;][vc_column][vc_column_text] Ein kleines, aber starkes Unternehmen mit Zukunftsorientierung [\/vc_column_text][vc_empty_space height=&#8220;22px&#8220;][vc_column_text] Spezialisierung und Innovation inspirieren die Entwicklung von 3R&#8230;<\/p>\n","protected":false},"author":1,"featured_media":0,"parent":0,"menu_order":0,"comment_status":"closed","ping_status":"closed","template":"","meta":[],"_links":{"self":[{"href":"https:\/\/www.3ritalia.com\/de\/wp-json\/wp\/v2\/pages\/12074"}],"collection":[{"href":"https:\/\/www.3ritalia.com\/de\/wp-json\/wp\/v2\/pages"}],"about":[{"href":"https:\/\/www.3ritalia.com\/de\/wp-json\/wp\/v2\/types\/page"}],"author":[{"embeddable":true,"href":"https:\/\/www.3ritalia.com\/de\/wp-json\/wp\/v2\/users\/1"}],"replies":[{"embeddable":true,"href":"https:\/\/www.3ritalia.com\/de\/wp-json\/wp\/v2\/comments?post=12074"}],"version-history":[{"count":3,"href":"https:\/\/www.3ritalia.com\/de\/wp-json\/wp\/v2\/pages\/12074\/revisions"}],"predecessor-version":[{"id":12077,"href":"https:\/\/www.3ritalia.com\/de\/wp-json\/wp\/v2\/pages\/12074\/revisions\/12077"}],"wp:attachment":[{"href":"https:\/\/www.3ritalia.com\/de\/wp-json\/wp\/v2\/media?parent=12074"}],"curies":[{"name":"wp","href":"https:\/\/api.w.org\/{rel}","templated":true}]}}